{"id":795,"date":"2015-10-27T18:28:15","date_gmt":"2015-10-27T17:28:15","guid":{"rendered":"http:\/\/www.regardsdechiens.fr\/?page_id=795"},"modified":"2019-06-26T21:44:45","modified_gmt":"2019-06-26T20:44:45","slug":"article-du-telegramme-du-271015","status":"publish","type":"page","link":"https:\/\/regardsdechiens.fr\/?page_id=795","title":{"rendered":"Article du T\u00e9l\u00e9gramme du 27\/10\/15"},"content":{"rendered":"<p><img decoding=\"async\" src=\"\/wp-content\/uploads\/concoursobe2015\/telegtitre.JPG\"><br \/>\n<center><a href=\"\/wp-content\/uploads\/concoursobe2015\/phototeleg.JPG\" target=\"_blank\"><img decoding=\"async\" src=\"\/wp-content\/uploads\/concoursobe2015\/phototelegmini.JPG\" style=\"-moz-border-radius: 15px; -webkit-border-radius: 15px; border-radius: 15px; box-shadow: 2px 2px 2px 0 black; -moz-box-shadow: 2px 2px 2px 0 black; -webkit-box-shadow: 2px 2px 2px 0 black;\"><\/a><br \/>\n<i>Les ma\u00eetres ont re\u00e7u les Certificats de sociabilit\u00e9 de leur chien.<br \/>Cliquez sur l&rsquo;image pour la voir en grand !<\/i><\/center><br \/>\nCe week-end, l&rsquo;association \u00ab Regards de chiens \u00bb organisait, \u00e0 la salle Tanguy, un grand concours d&rsquo;ob\u00e9issance de chiens. Cette association, pr\u00e9sid\u00e9e par Corinne Mens, dirige une manifestation par an, en alternance un concours d&rsquo;agility et un autre d&rsquo;ob\u00e9issance. Ce samedi \u00e9tait consacr\u00e9 au CSAU (Certificat de sociabilit\u00e9 et d&rsquo;aptitude \u00e0 l&rsquo;utilisation), qui est une premi\u00e8re \u00e9tape et aux brevets. Vingt-deux chiens de toutes races et venant de toute la r\u00e9gion \u00e9taient pr\u00e9sent\u00e9s \u00e0 ces \u00e9preuves qui comprennent le rappel, la suite avec et sans laisse, la tranquillit\u00e9 pendant l&rsquo;absence du ma\u00eetre, le saut de haie et les commandes de positions \u00e0 distance. Cinq chiens ont obtenu leur brevet dont trois avec une mention \u00c2\u00ab excellent \u00c2\u00bb.<br \/>\n<br \/>\n<center><a href=\"\/wp-content\/uploads\/concoursobe2015\/photos\/obe2015-1%20%285%29.jpeg\" target=\"_blank\"><img decoding=\"async\" src=\"\/wp-content\/uploads\/concoursobe2015\/benteleg.jpeg\" style=\"-moz-border-radius: 15px; -webkit-border-radius: 15px; border-radius: 15px; box-shadow: 2px 2px 2px 0 black; -moz-box-shadow: 2px 2px 2px 0 black; -webkit-box-shadow: 2px 2px 2px 0 black;\"><br \/>\n<\/a><i>Confiance et respect sont les ma\u00eetres-mots, dans ce genre d&rsquo;\u00e9preuves.<br \/>Cliquez sur l&rsquo;image pour la voir en grand !<\/i><\/center><br \/>\n<b>Une \u00e9cole du chiot<\/b><br \/>\nDimanche, les \u00e9preuves des classes 1, 2 et 3 se sont d\u00e9roul\u00e9es du matin jusqu&rsquo;\u00e0 la fin de l&rsquo;apr\u00e8s-midi, devant un public tr\u00e8s nombreux. Dans des \u00e9preuves qui se compliquaient au fil des diff\u00e9rentes classes, une trentaine de chiens ont \u00e9t\u00e9 re\u00e7us dont beaucoup avec des mentions d&rsquo;excellence. Paul Busser, le juge national, et Corinne Mens, la pr\u00e9sidente du club plouguern\u00e9en, ont insist\u00e9 sur le n\u00e9cessaire respect de l&rsquo;animal et l&rsquo;esprit de jeu qui doivent pr\u00e9sider \u00e0 cette activit\u00e9. Pour les personnes int\u00e9ress\u00e9es, le club \u00ab Regards de chiens \u00bb a une \u00e9cole du chiot, ouverte le samedi apr\u00e8s-midi, sur son terrain.<\/p>\n","protected":false},"excerpt":{"rendered":"<p>Les ma\u00eetres ont re\u00e7u les Certificats de sociabilit\u00e9 de leur chien.Cliquez sur l&rsquo;image pour la voir en grand ! Ce week-end, l&rsquo;association \u00ab Regards de chiens \u00bb organisait, \u00e0 la salle Tanguy, un grand concours d&rsquo;ob\u00e9issance de chiens. Cette association, &hellip; <a href=\"https:\/\/regardsdechiens.fr\/?page_id=795\">Continuer la lecture <span class=\"meta-nav\">&rarr;<\/span><\/a><\/p>\n","protected":false},"author":15,"featured_media":0,"parent":0,"menu_order":0,"comment_status":"open","ping_status":"open","template":"","meta":{"footnotes":""},"class_list":["post-795","page","type-page","status-publish","hentry"],"yoast_head":"<!-- This site is optimized with the Yoast SEO plugin v24.0 - https:\/\/yoast.com\/wordpress\/plugins\/seo\/ -->\n<title>Article du T\u00e9l\u00e9gramme du 27\/10\/15 - Association Regards de Chiens<\/title>\n<meta name=\"robots\" content=\"index, follow, max-snippet:-1, max-image-preview:large, max-video-preview:-1\" \/>\n<link rel=\"canonical\" href=\"https:\/\/regardsdechiens.fr\/?page_id=795\" \/>\n<meta property=\"og:locale\" content=\"fr_FR\" \/>\n<meta property=\"og:type\" content=\"article\" \/>\n<meta property=\"og:title\" content=\"Article du T\u00e9l\u00e9gramme du 27\/10\/15 - Association Regards de Chiens\" \/>\n<meta property=\"og:description\" content=\"Les ma\u00eetres ont re\u00e7u les Certificats de sociabilit\u00e9 de leur chien.Cliquez sur l&rsquo;image pour la voir en grand ! Ce week-end, l&rsquo;association \u00ab Regards de chiens \u00bb organisait, \u00e0 la salle Tanguy, un grand concours d&rsquo;ob\u00e9issance de chiens. Cette association, &hellip; Continuer la lecture &rarr;\" \/>\n<meta property=\"og:url\" content=\"https:\/\/regardsdechiens.fr\/?page_id=795\" \/>\n<meta property=\"og:site_name\" content=\"Association Regards de Chiens\" \/>\n<meta property=\"article:modified_time\" content=\"2019-06-26T20:44:45+00:00\" \/>\n<meta name=\"twitter:card\" content=\"summary_large_image\" \/>\n<meta name=\"twitter:label1\" content=\"Dur\u00e9e de lecture estim\u00e9e\" \/>\n\t<meta name=\"twitter:data1\" content=\"1 minute\" \/>\n<script type=\"application\/ld+json\" class=\"yoast-schema-graph\">{\"@context\":\"https:\/\/schema.org\",\"@graph\":[{\"@type\":\"WebPage\",\"@id\":\"https:\/\/regardsdechiens.fr\/?page_id=795\",\"url\":\"https:\/\/regardsdechiens.fr\/?page_id=795\",\"name\":\"Article du T\u00e9l\u00e9gramme du 27\/10\/15 - Association Regards de Chiens\",\"isPartOf\":{\"@id\":\"https:\/\/regardsdechiens.fr\/#website\"},\"datePublished\":\"2015-10-27T17:28:15+00:00\",\"dateModified\":\"2019-06-26T20:44:45+00:00\",\"breadcrumb\":{\"@id\":\"https:\/\/regardsdechiens.fr\/?page_id=795#breadcrumb\"},\"inLanguage\":\"fr-FR\",\"potentialAction\":[{\"@type\":\"ReadAction\",\"target\":[\"https:\/\/regardsdechiens.fr\/?page_id=795\"]}]},{\"@type\":\"BreadcrumbList\",\"@id\":\"https:\/\/regardsdechiens.fr\/?page_id=795#breadcrumb\",\"itemListElement\":[{\"@type\":\"ListItem\",\"position\":1,\"name\":\"Accueil\",\"item\":\"https:\/\/regardsdechiens.fr\/\"},{\"@type\":\"ListItem\",\"position\":2,\"name\":\"Article du T\u00e9l\u00e9gramme du 27\/10\/15\"}]},{\"@type\":\"WebSite\",\"@id\":\"https:\/\/regardsdechiens.fr\/#website\",\"url\":\"https:\/\/regardsdechiens.fr\/\",\"name\":\"Association Regards de Chiens\",\"description\":\"\",\"potentialAction\":[{\"@type\":\"SearchAction\",\"target\":{\"@type\":\"EntryPoint\",\"urlTemplate\":\"https:\/\/regardsdechiens.fr\/?s={search_term_string}\"},\"query-input\":{\"@type\":\"PropertyValueSpecification\",\"valueRequired\":true,\"valueName\":\"search_term_string\"}}],\"inLanguage\":\"fr-FR\"}]}<\/script>\n<!-- \/ Yoast SEO plugin. -->","yoast_head_json":{"title":"Article du T\u00e9l\u00e9gramme du 27\/10\/15 - Association Regards de Chiens","robots":{"index":"index","follow":"follow","max-snippet":"max-snippet:-1","max-image-preview":"max-image-preview:large","max-video-preview":"max-video-preview:-1"},"canonical":"https:\/\/regardsdechiens.fr\/?page_id=795","og_locale":"fr_FR","og_type":"article","og_title":"Article du T\u00e9l\u00e9gramme du 27\/10\/15 - Association Regards de Chiens","og_description":"Les ma\u00eetres ont re\u00e7u les Certificats de sociabilit\u00e9 de leur chien.Cliquez sur l&rsquo;image pour la voir en grand ! Ce week-end, l&rsquo;association \u00ab Regards de chiens \u00bb organisait, \u00e0 la salle Tanguy, un grand concours d&rsquo;ob\u00e9issance de chiens. Cette association, &hellip; Continuer la lecture &rarr;","og_url":"https:\/\/regardsdechiens.fr\/?page_id=795","og_site_name":"Association Regards de Chiens","article_modified_time":"2019-06-26T20:44:45+00:00","twitter_card":"summary_large_image","twitter_misc":{"Dur\u00e9e de lecture estim\u00e9e":"1 minute"},"schema":{"@context":"https:\/\/schema.org","@graph":[{"@type":"WebPage","@id":"https:\/\/regardsdechiens.fr\/?page_id=795","url":"https:\/\/regardsdechiens.fr\/?page_id=795","name":"Article du T\u00e9l\u00e9gramme du 27\/10\/15 - Association Regards de Chiens","isPartOf":{"@id":"https:\/\/regardsdechiens.fr\/#website"},"datePublished":"2015-10-27T17:28:15+00:00","dateModified":"2019-06-26T20:44:45+00:00","breadcrumb":{"@id":"https:\/\/regardsdechiens.fr\/?page_id=795#breadcrumb"},"inLanguage":"fr-FR","potentialAction":[{"@type":"ReadAction","target":["https:\/\/regardsdechiens.fr\/?page_id=795"]}]},{"@type":"BreadcrumbList","@id":"https:\/\/regardsdechiens.fr\/?page_id=795#breadcrumb","itemListElement":[{"@type":"ListItem","position":1,"name":"Accueil","item":"https:\/\/regardsdechiens.fr\/"},{"@type":"ListItem","position":2,"name":"Article du T\u00e9l\u00e9gramme du 27\/10\/15"}]},{"@type":"WebSite","@id":"https:\/\/regardsdechiens.fr\/#website","url":"https:\/\/regardsdechiens.fr\/","name":"Association Regards de Chiens","description":"","potentialAction":[{"@type":"SearchAction","target":{"@type":"EntryPoint","urlTemplate":"https:\/\/regardsdechiens.fr\/?s={search_term_string}"},"query-input":{"@type":"PropertyValueSpecification","valueRequired":true,"valueName":"search_term_string"}}],"inLanguage":"fr-FR"}]}},"_links":{"self":[{"href":"https:\/\/regardsdechiens.fr\/index.php?rest_route=\/wp\/v2\/pages\/795","targetHints":{"allow":["GET"]}}],"collection":[{"href":"https:\/\/regardsdechiens.fr\/index.php?rest_route=\/wp\/v2\/pages"}],"about":[{"href":"https:\/\/regardsdechiens.fr\/index.php?rest_route=\/wp\/v2\/types\/page"}],"author":[{"embeddable":true,"href":"https:\/\/regardsdechiens.fr\/index.php?rest_route=\/wp\/v2\/users\/15"}],"replies":[{"embeddable":true,"href":"https:\/\/regardsdechiens.fr\/index.php?rest_route=%2Fwp%2Fv2%2Fcomments&post=795"}],"version-history":[{"count":10,"href":"https:\/\/regardsdechiens.fr\/index.php?rest_route=\/wp\/v2\/pages\/795\/revisions"}],"predecessor-version":[{"id":1403,"href":"https:\/\/regardsdechiens.fr\/index.php?rest_route=\/wp\/v2\/pages\/795\/revisions\/1403"}],"wp:attachment":[{"href":"https:\/\/regardsdechiens.fr\/index.php?rest_route=%2Fwp%2Fv2%2Fmedia&parent=795"}],"curies":[{"name":"wp","href":"https:\/\/api.w.org\/{rel}","templated":true}]}}