{"id":774,"date":"2015-10-26T13:17:15","date_gmt":"2015-10-26T12:17:15","guid":{"rendered":"http:\/\/www.regardsdechiens.fr\/?page_id=774"},"modified":"2015-10-27T18:37:37","modified_gmt":"2015-10-27T17:37:37","slug":"les-photos-de-notre-concours-dobeissance-2015","status":"publish","type":"page","link":"https:\/\/regardsdechiens.fr\/?page_id=774","title":{"rendered":"Les photos de notre concours d&rsquo;ob\u00e9issance 2015 !"},"content":{"rendered":"<table style=\"-moz-border-radius:15px; -webkit-border-radius:15px; border-radius:15px; box-shadow: 2px 2px 2px 0 black; -moz-box-shadow: 2px 2px 2px 0 black; -webkit-box-shadow: 2px 2px 2px 0 black; background: linear-gradient(to top, #b6ccff, #ebf1ff);\">\n<tr>\n<td style=\"padding: 10px 15px;\">\n<center><a href=\"?p=783\"><i>Cliquez ici pour retourner \u00e0 l&rsquo;article.<\/a><br \/>\nCliquez sur une photo pour l&rsquo;ouvrir en plein \u00e9cran.<\/i><\/center><\/td>\n<\/tr>\n<\/table>\n<p><center><br \/>\n[insert_php]<br \/>\necho \u00ab\u00a0<b>Nos adh\u00e9rents lors de leur passage de CSAU et Brevet<\/b><br \/>\u00ab\u00a0;<br \/>\nfor ($j = 1; $j <= 10; $j++) {\n    echo \"<a href='\/wp-content\/uploads\/concoursobe2015\/photos\/obe2015-1 ($j).jpeg' target='_blank'><img src='\/wp-content\/uploads\/slider-wd\/thumb\/obe2015-1 ($j).jpeg'><\/a>&nbsp;\u00ab\u00a0;<br \/>\n}<br \/>\necho \u00ab\u00a0<\/p>\n<p><b>La remise des dipl\u00f4mes !<\/b><br \/>\u00ab\u00a0;<br \/>\nfor ($k = 1; $k <= 4; $k++) {\n    echo \"<a href='\/wp-content\/uploads\/concoursobe2015\/photos\/obe2015-2 ($k).JPG' target='_blank'><img src='\/wp-content\/uploads\/slider-wd\/thumb\/obe2015-2 ($k).JPG'><\/a>&nbsp;\u00ab\u00a0;<br \/>\n}<br \/>\n[\/insert_php]<br \/>\n<\/center><\/p>\n","protected":false},"excerpt":{"rendered":"<p>Cliquez ici pour retourner \u00e0 l&rsquo;article. Cliquez sur une photo pour l&rsquo;ouvrir en plein \u00e9cran. [insert_php] echo \u00ab\u00a0Nos adh\u00e9rents lors de leur passage de CSAU et Brevet\u00ab\u00a0; for ($j = 1; $j<\/p>\n","protected":false},"author":15,"featured_media":0,"parent":0,"menu_order":0,"comment_status":"open","ping_status":"open","template":"","meta":{"footnotes":""},"class_list":["post-774","page","type-page","status-publish","hentry"],"yoast_head":"<!-- This site is optimized with the Yoast SEO plugin v24.0 - https:\/\/yoast.com\/wordpress\/plugins\/seo\/ -->\n<title>Les photos de notre concours d&#039;ob\u00e9issance 2015 ! - Association Regards de Chiens<\/title>\n<meta name=\"robots\" content=\"index, follow, max-snippet:-1, max-image-preview:large, max-video-preview:-1\" \/>\n<link rel=\"canonical\" href=\"https:\/\/regardsdechiens.fr\/?page_id=774\" \/>\n<meta property=\"og:locale\" content=\"fr_FR\" \/>\n<meta property=\"og:type\" content=\"article\" \/>\n<meta property=\"og:title\" content=\"Les photos de notre concours d&#039;ob\u00e9issance 2015 ! - Association Regards de Chiens\" \/>\n<meta property=\"og:description\" content=\"Cliquez ici pour retourner \u00e0 l&rsquo;article. Cliquez sur une photo pour l&rsquo;ouvrir en plein \u00e9cran. [insert_php] echo \u00ab\u00a0Nos adh\u00e9rents lors de leur passage de CSAU et Brevet\u00ab\u00a0; for ($j = 1; $j\" \/>\n<meta property=\"og:url\" content=\"https:\/\/regardsdechiens.fr\/?page_id=774\" \/>\n<meta property=\"og:site_name\" content=\"Association Regards de Chiens\" \/>\n<meta property=\"article:modified_time\" content=\"2015-10-27T17:37:37+00:00\" \/>\n<meta name=\"twitter:card\" content=\"summary_large_image\" \/>\n<script type=\"application\/ld+json\" class=\"yoast-schema-graph\">{\"@context\":\"https:\/\/schema.org\",\"@graph\":[{\"@type\":\"WebPage\",\"@id\":\"https:\/\/regardsdechiens.fr\/?page_id=774\",\"url\":\"https:\/\/regardsdechiens.fr\/?page_id=774\",\"name\":\"Les photos de notre concours d'ob\u00e9issance 2015 ! - Association Regards de Chiens\",\"isPartOf\":{\"@id\":\"https:\/\/regardsdechiens.fr\/#website\"},\"datePublished\":\"2015-10-26T12:17:15+00:00\",\"dateModified\":\"2015-10-27T17:37:37+00:00\",\"breadcrumb\":{\"@id\":\"https:\/\/regardsdechiens.fr\/?page_id=774#breadcrumb\"},\"inLanguage\":\"fr-FR\",\"potentialAction\":[{\"@type\":\"ReadAction\",\"target\":[\"https:\/\/regardsdechiens.fr\/?page_id=774\"]}]},{\"@type\":\"BreadcrumbList\",\"@id\":\"https:\/\/regardsdechiens.fr\/?page_id=774#breadcrumb\",\"itemListElement\":[{\"@type\":\"ListItem\",\"position\":1,\"name\":\"Accueil\",\"item\":\"https:\/\/regardsdechiens.fr\/\"},{\"@type\":\"ListItem\",\"position\":2,\"name\":\"Les photos de notre concours d&rsquo;ob\u00e9issance 2015 !\"}]},{\"@type\":\"WebSite\",\"@id\":\"https:\/\/regardsdechiens.fr\/#website\",\"url\":\"https:\/\/regardsdechiens.fr\/\",\"name\":\"Association Regards de Chiens\",\"description\":\"\",\"potentialAction\":[{\"@type\":\"SearchAction\",\"target\":{\"@type\":\"EntryPoint\",\"urlTemplate\":\"https:\/\/regardsdechiens.fr\/?s={search_term_string}\"},\"query-input\":{\"@type\":\"PropertyValueSpecification\",\"valueRequired\":true,\"valueName\":\"search_term_string\"}}],\"inLanguage\":\"fr-FR\"}]}<\/script>\n<!-- \/ Yoast SEO plugin. -->","yoast_head_json":{"title":"Les photos de notre concours d'ob\u00e9issance 2015 ! - Association Regards de Chiens","robots":{"index":"index","follow":"follow","max-snippet":"max-snippet:-1","max-image-preview":"max-image-preview:large","max-video-preview":"max-video-preview:-1"},"canonical":"https:\/\/regardsdechiens.fr\/?page_id=774","og_locale":"fr_FR","og_type":"article","og_title":"Les photos de notre concours d'ob\u00e9issance 2015 ! - Association Regards de Chiens","og_description":"Cliquez ici pour retourner \u00e0 l&rsquo;article. Cliquez sur une photo pour l&rsquo;ouvrir en plein \u00e9cran. [insert_php] echo \u00ab\u00a0Nos adh\u00e9rents lors de leur passage de CSAU et Brevet\u00ab\u00a0; for ($j = 1; $j","og_url":"https:\/\/regardsdechiens.fr\/?page_id=774","og_site_name":"Association Regards de Chiens","article_modified_time":"2015-10-27T17:37:37+00:00","twitter_card":"summary_large_image","schema":{"@context":"https:\/\/schema.org","@graph":[{"@type":"WebPage","@id":"https:\/\/regardsdechiens.fr\/?page_id=774","url":"https:\/\/regardsdechiens.fr\/?page_id=774","name":"Les photos de notre concours d'ob\u00e9issance 2015 ! - Association Regards de Chiens","isPartOf":{"@id":"https:\/\/regardsdechiens.fr\/#website"},"datePublished":"2015-10-26T12:17:15+00:00","dateModified":"2015-10-27T17:37:37+00:00","breadcrumb":{"@id":"https:\/\/regardsdechiens.fr\/?page_id=774#breadcrumb"},"inLanguage":"fr-FR","potentialAction":[{"@type":"ReadAction","target":["https:\/\/regardsdechiens.fr\/?page_id=774"]}]},{"@type":"BreadcrumbList","@id":"https:\/\/regardsdechiens.fr\/?page_id=774#breadcrumb","itemListElement":[{"@type":"ListItem","position":1,"name":"Accueil","item":"https:\/\/regardsdechiens.fr\/"},{"@type":"ListItem","position":2,"name":"Les photos de notre concours d&rsquo;ob\u00e9issance 2015 !"}]},{"@type":"WebSite","@id":"https:\/\/regardsdechiens.fr\/#website","url":"https:\/\/regardsdechiens.fr\/","name":"Association Regards de Chiens","description":"","potentialAction":[{"@type":"SearchAction","target":{"@type":"EntryPoint","urlTemplate":"https:\/\/regardsdechiens.fr\/?s={search_term_string}"},"query-input":{"@type":"PropertyValueSpecification","valueRequired":true,"valueName":"search_term_string"}}],"inLanguage":"fr-FR"}]}},"_links":{"self":[{"href":"https:\/\/regardsdechiens.fr\/index.php?rest_route=\/wp\/v2\/pages\/774","targetHints":{"allow":["GET"]}}],"collection":[{"href":"https:\/\/regardsdechiens.fr\/index.php?rest_route=\/wp\/v2\/pages"}],"about":[{"href":"https:\/\/regardsdechiens.fr\/index.php?rest_route=\/wp\/v2\/types\/page"}],"author":[{"embeddable":true,"href":"https:\/\/regardsdechiens.fr\/index.php?rest_route=\/wp\/v2\/users\/15"}],"replies":[{"embeddable":true,"href":"https:\/\/regardsdechiens.fr\/index.php?rest_route=%2Fwp%2Fv2%2Fcomments&post=774"}],"version-history":[{"count":9,"href":"https:\/\/regardsdechiens.fr\/index.php?rest_route=\/wp\/v2\/pages\/774\/revisions"}],"predecessor-version":[{"id":801,"href":"https:\/\/regardsdechiens.fr\/index.php?rest_route=\/wp\/v2\/pages\/774\/revisions\/801"}],"wp:attachment":[{"href":"https:\/\/regardsdechiens.fr\/index.php?rest_route=%2Fwp%2Fv2%2Fmedia&parent=774"}],"curies":[{"name":"wp","href":"https:\/\/api.w.org\/{rel}","templated":true}]}}