{"id":286,"date":"2015-06-13T17:10:19","date_gmt":"2015-06-13T16:10:19","guid":{"rendered":"http:\/\/localhost\/wordpress\/?page_id=286"},"modified":"2016-09-25T16:05:26","modified_gmt":"2016-09-25T15:05:26","slug":"agility","status":"publish","type":"page","link":"https:\/\/regardsdechiens.fr\/?page_id=286","title":{"rendered":"Agility"},"content":{"rendered":"<p>L&rsquo;agility est une activit\u00e9 canine ludique ouverte \u00e0 tous. Le ma\u00eetre et le chien forment une \u00e9quipe et doivent suivre un parcours comprenant un certain nombre d&rsquo;obstacles.<\/p>\n<p><center><img decoding=\"async\" src=\"wp-content\/uploads\/2015\/12\/agijimmy.jpg\" style=\"-moz-border-radius:15px; -webkit-border-radius:15px; border-radius:15px; box-shadow: 2px 2px 2px 0 black; -moz-box-shadow: 2px 2px 2px 0 black; -webkit-box-shadow: 2px 2px 2px 0 black;\"><\/center><\/p>\n<p>Le chien se fie aux indications de son conducteur pour franchir les obstacles dans le bon ordre (et dans le bon sens !). Pour r\u00e9ussir, il faut une grande complicit\u00e9 entre le ma\u00eetre et le chien, mais aussi de la rigueur et du travail !<\/p>\n<p><center><img decoding=\"async\" src=\"wp-content\/uploads\/2015\/12\/agiirish.jpg\" style=\"-moz-border-radius:15px; -webkit-border-radius:15px; border-radius:15px; box-shadow: 2px 2px 2px 0 black; -moz-box-shadow: 2px 2px 2px 0 black; -webkit-box-shadow: 2px 2px 2px 0 black;\"><\/center><\/p>\n<p>Les obstacles sont : le slalom, les tunnels (le rigide et le souple, ou \u00ab\u00a0chaussette\u00a0\u00bb), les sauts (pneu, haies, saut en longueur et mur), la table et les obstacles \u00e0 zones (la passerelle, la balan\u00e7oire et la palissade, qu&rsquo;on appelle aussi le \u00ab\u00a0A\u00a0\u00bb). Pour plus de d\u00e9tails sur les parcours, il existe <a href=\"https:\/\/fr.wikipedia.org\/wiki\/Agility\" target=\"_blank\"> une page wikip\u00e9dia tr\u00e8s compl\u00e8te !<\/a> Voir \u00e9galement <a href=\"http:\/\/activites-canines.com\/wp-content\/uploads\/delightful-downloads\/2016\/09\/Petit-R%C3%A8glement-Agility-en-images-2016-08-31.pdf\" target=\"_blank\">ici le r\u00e8glement illustr\u00e9<\/a> r\u00e9alis\u00e9 par le groupe de travai Agility SCC &#8211; CNEAC &#8211; GTA et Fabrice Pelix (le site d&rsquo;origine <a href=\"http:\/\/activites-canines.com\/\" target=\"_blank\">l\u00e0<\/a>).<\/p>\n<p><center><img decoding=\"async\" src=\"wp-content\/uploads\/2015\/12\/agielix.jpg\" style=\"-moz-border-radius:15px; -webkit-border-radius:15px; border-radius:15px; box-shadow: 2px 2px 2px 0 black; -moz-box-shadow: 2px 2px 2px 0 black; -webkit-box-shadow: 2px 2px 2px 0 black;\"><\/center><br \/>\nAu club, les cours sont organis\u00e9s en fonction du nombre d&rsquo;\u00e9quipes chien-ma\u00eetre et de leur niveau (les d\u00e9butants, les interm\u00e9diaires et les confirm\u00e9s).<\/p>\n","protected":false},"excerpt":{"rendered":"<p>L&rsquo;agility est une activit\u00e9 canine ludique ouverte \u00e0 tous. Le ma\u00eetre et le chien forment une \u00e9quipe et doivent suivre un parcours comprenant un certain nombre d&rsquo;obstacles. Le chien se fie aux indications de son conducteur pour franchir les obstacles &hellip; <a href=\"https:\/\/regardsdechiens.fr\/?page_id=286\">Continuer la lecture <span class=\"meta-nav\">&rarr;<\/span><\/a><\/p>\n","protected":false},"author":15,"featured_media":0,"parent":0,"menu_order":4,"comment_status":"open","ping_status":"open","template":"","meta":{"footnotes":""},"class_list":["post-286","page","type-page","status-publish","hentry"],"yoast_head":"<!-- This site is optimized with the Yoast SEO plugin v24.0 - https:\/\/yoast.com\/wordpress\/plugins\/seo\/ -->\n<title>Agility - Association Regards de Chiens<\/title>\n<meta name=\"robots\" content=\"index, follow, max-snippet:-1, max-image-preview:large, max-video-preview:-1\" \/>\n<link rel=\"canonical\" href=\"https:\/\/regardsdechiens.fr\/?page_id=286\" \/>\n<meta property=\"og:locale\" content=\"fr_FR\" \/>\n<meta property=\"og:type\" content=\"article\" \/>\n<meta property=\"og:title\" content=\"Agility - Association Regards de Chiens\" \/>\n<meta property=\"og:description\" content=\"L&rsquo;agility est une activit\u00e9 canine ludique ouverte \u00e0 tous. Le ma\u00eetre et le chien forment une \u00e9quipe et doivent suivre un parcours comprenant un certain nombre d&rsquo;obstacles. Le chien se fie aux indications de son conducteur pour franchir les obstacles &hellip; Continuer la lecture &rarr;\" \/>\n<meta property=\"og:url\" content=\"https:\/\/regardsdechiens.fr\/?page_id=286\" \/>\n<meta property=\"og:site_name\" content=\"Association Regards de Chiens\" \/>\n<meta property=\"article:modified_time\" content=\"2016-09-25T15:05:26+00:00\" \/>\n<meta name=\"twitter:card\" content=\"summary_large_image\" \/>\n<meta name=\"twitter:label1\" content=\"Dur\u00e9e de lecture estim\u00e9e\" \/>\n\t<meta name=\"twitter:data1\" content=\"1 minute\" \/>\n<script type=\"application\/ld+json\" class=\"yoast-schema-graph\">{\"@context\":\"https:\/\/schema.org\",\"@graph\":[{\"@type\":\"WebPage\",\"@id\":\"https:\/\/regardsdechiens.fr\/?page_id=286\",\"url\":\"https:\/\/regardsdechiens.fr\/?page_id=286\",\"name\":\"Agility - Association Regards de Chiens\",\"isPartOf\":{\"@id\":\"https:\/\/regardsdechiens.fr\/#website\"},\"datePublished\":\"2015-06-13T16:10:19+00:00\",\"dateModified\":\"2016-09-25T15:05:26+00:00\",\"breadcrumb\":{\"@id\":\"https:\/\/regardsdechiens.fr\/?page_id=286#breadcrumb\"},\"inLanguage\":\"fr-FR\",\"potentialAction\":[{\"@type\":\"ReadAction\",\"target\":[\"https:\/\/regardsdechiens.fr\/?page_id=286\"]}]},{\"@type\":\"BreadcrumbList\",\"@id\":\"https:\/\/regardsdechiens.fr\/?page_id=286#breadcrumb\",\"itemListElement\":[{\"@type\":\"ListItem\",\"position\":1,\"name\":\"Accueil\",\"item\":\"https:\/\/regardsdechiens.fr\/\"},{\"@type\":\"ListItem\",\"position\":2,\"name\":\"Agility\"}]},{\"@type\":\"WebSite\",\"@id\":\"https:\/\/regardsdechiens.fr\/#website\",\"url\":\"https:\/\/regardsdechiens.fr\/\",\"name\":\"Association Regards de Chiens\",\"description\":\"\",\"potentialAction\":[{\"@type\":\"SearchAction\",\"target\":{\"@type\":\"EntryPoint\",\"urlTemplate\":\"https:\/\/regardsdechiens.fr\/?s={search_term_string}\"},\"query-input\":{\"@type\":\"PropertyValueSpecification\",\"valueRequired\":true,\"valueName\":\"search_term_string\"}}],\"inLanguage\":\"fr-FR\"}]}<\/script>\n<!-- \/ Yoast SEO plugin. -->","yoast_head_json":{"title":"Agility - Association Regards de Chiens","robots":{"index":"index","follow":"follow","max-snippet":"max-snippet:-1","max-image-preview":"max-image-preview:large","max-video-preview":"max-video-preview:-1"},"canonical":"https:\/\/regardsdechiens.fr\/?page_id=286","og_locale":"fr_FR","og_type":"article","og_title":"Agility - Association Regards de Chiens","og_description":"L&rsquo;agility est une activit\u00e9 canine ludique ouverte \u00e0 tous. Le ma\u00eetre et le chien forment une \u00e9quipe et doivent suivre un parcours comprenant un certain nombre d&rsquo;obstacles. Le chien se fie aux indications de son conducteur pour franchir les obstacles &hellip; Continuer la lecture &rarr;","og_url":"https:\/\/regardsdechiens.fr\/?page_id=286","og_site_name":"Association Regards de Chiens","article_modified_time":"2016-09-25T15:05:26+00:00","twitter_card":"summary_large_image","twitter_misc":{"Dur\u00e9e de lecture estim\u00e9e":"1 minute"},"schema":{"@context":"https:\/\/schema.org","@graph":[{"@type":"WebPage","@id":"https:\/\/regardsdechiens.fr\/?page_id=286","url":"https:\/\/regardsdechiens.fr\/?page_id=286","name":"Agility - Association Regards de Chiens","isPartOf":{"@id":"https:\/\/regardsdechiens.fr\/#website"},"datePublished":"2015-06-13T16:10:19+00:00","dateModified":"2016-09-25T15:05:26+00:00","breadcrumb":{"@id":"https:\/\/regardsdechiens.fr\/?page_id=286#breadcrumb"},"inLanguage":"fr-FR","potentialAction":[{"@type":"ReadAction","target":["https:\/\/regardsdechiens.fr\/?page_id=286"]}]},{"@type":"BreadcrumbList","@id":"https:\/\/regardsdechiens.fr\/?page_id=286#breadcrumb","itemListElement":[{"@type":"ListItem","position":1,"name":"Accueil","item":"https:\/\/regardsdechiens.fr\/"},{"@type":"ListItem","position":2,"name":"Agility"}]},{"@type":"WebSite","@id":"https:\/\/regardsdechiens.fr\/#website","url":"https:\/\/regardsdechiens.fr\/","name":"Association Regards de Chiens","description":"","potentialAction":[{"@type":"SearchAction","target":{"@type":"EntryPoint","urlTemplate":"https:\/\/regardsdechiens.fr\/?s={search_term_string}"},"query-input":{"@type":"PropertyValueSpecification","valueRequired":true,"valueName":"search_term_string"}}],"inLanguage":"fr-FR"}]}},"_links":{"self":[{"href":"https:\/\/regardsdechiens.fr\/index.php?rest_route=\/wp\/v2\/pages\/286","targetHints":{"allow":["GET"]}}],"collection":[{"href":"https:\/\/regardsdechiens.fr\/index.php?rest_route=\/wp\/v2\/pages"}],"about":[{"href":"https:\/\/regardsdechiens.fr\/index.php?rest_route=\/wp\/v2\/types\/page"}],"author":[{"embeddable":true,"href":"https:\/\/regardsdechiens.fr\/index.php?rest_route=\/wp\/v2\/users\/15"}],"replies":[{"embeddable":true,"href":"https:\/\/regardsdechiens.fr\/index.php?rest_route=%2Fwp%2Fv2%2Fcomments&post=286"}],"version-history":[{"count":10,"href":"https:\/\/regardsdechiens.fr\/index.php?rest_route=\/wp\/v2\/pages\/286\/revisions"}],"predecessor-version":[{"id":1054,"href":"https:\/\/regardsdechiens.fr\/index.php?rest_route=\/wp\/v2\/pages\/286\/revisions\/1054"}],"wp:attachment":[{"href":"https:\/\/regardsdechiens.fr\/index.php?rest_route=%2Fwp%2Fv2%2Fmedia&parent=286"}],"curies":[{"name":"wp","href":"https:\/\/api.w.org\/{rel}","templated":true}]}}