{"id":273,"date":"2015-06-13T17:08:13","date_gmt":"2015-06-13T16:08:13","guid":{"rendered":"http:\/\/localhost\/wordpress\/?page_id=273"},"modified":"2024-09-08T22:38:57","modified_gmt":"2024-09-08T21:38:57","slug":"adhesion","status":"publish","type":"page","link":"https:\/\/regardsdechiens.fr\/?page_id=273","title":{"rendered":"Adh\u00e9sion"},"content":{"rendered":"<p>Nous vous proposons de participer \u00e0 une s\u00e9ance pour vous permettre de d\u00e9couvrir le club. Contactez nous pr\u00e9alablement pour convenir d&rsquo;un rendez-vous (<a href=\"?page_id=581\">rendez-vous sur la page contact<\/a>).<\/p>\n<table style=\"-moz-border-radius: 15px; -webkit-border-radius: 15px; border-radius: 15px; box-shadow: 2px 2px 2px 0 black; -moz-box-shadow: 2px 2px 2px 0 black; -webkit-box-shadow: 2px 2px 2px 0 black; background: linear-gradient(to top, #b6ccff, #ebf1ff);\">\n<tbody>\n<tr>\n<td style=\"padding: 10px 15px;\"><b>Documents \u00e0 fournir lors de l&rsquo;inscription<\/b><\/p>\n<p>&gt; Photocopie de la carte d&rsquo;identification (tatouage ou transpondeur)<br \/>\n&gt; Photocopie du carnet de vaccination<br \/>\n&gt; Attestation de Responsabilit\u00e9 civile pr\u00e9cisant les dates de validit\u00e9 (contrat d\u00b4assurance habitation)<br \/>\n&gt; Autorisation parentale si n\u00e9cessaire (enfant de + de huit ans)<br \/>\n&gt; R\u00e8glement de la cotisation annuelle<\/td>\n<\/tr>\n<\/tbody>\n<\/table>\n<table style=\"-moz-border-radius: 15px; -webkit-border-radius: 15px; border-radius: 15px; box-shadow: 2px 2px 2px 0 black; -moz-box-shadow: 2px 2px 2px 0 black; -webkit-box-shadow: 2px 2px 2px 0 black; background: linear-gradient(to top, #b6ccff, #ebf1ff);\">\n<tbody>\n<tr>\n<td style=\"padding: 10px 15px;\"><b>Documents suppl\u00e9mentaires pour les chiens de cat\u00e9gories 1 et 2<\/b><\/p>\n<p>&gt; Photocopie de la d\u00e9claration en Mairie<br \/>\n&gt; Attestation d&rsquo;assurance sp\u00e9cifique pour ce type de chiens<br \/>\n&gt; Permis de d\u00e9tention<\/td>\n<\/tr>\n<\/tbody>\n<\/table>\n","protected":false},"excerpt":{"rendered":"<p>Nous vous proposons de participer \u00e0 une s\u00e9ance pour vous permettre de d\u00e9couvrir le club. Contactez nous pr\u00e9alablement pour convenir d&rsquo;un rendez-vous (rendez-vous sur la page contact). Documents \u00e0 fournir lors de l&rsquo;inscription &gt; Photocopie de la carte d&rsquo;identification (tatouage &hellip; <a href=\"https:\/\/regardsdechiens.fr\/?page_id=273\">Continuer la lecture <span class=\"meta-nav\">&rarr;<\/span><\/a><\/p>\n","protected":false},"author":15,"featured_media":0,"parent":0,"menu_order":4,"comment_status":"open","ping_status":"open","template":"","meta":{"footnotes":""},"class_list":["post-273","page","type-page","status-publish","hentry"],"yoast_head":"<!-- This site is optimized with the Yoast SEO plugin v24.0 - https:\/\/yoast.com\/wordpress\/plugins\/seo\/ -->\n<title>Adh\u00e9sion - Association Regards de Chiens<\/title>\n<meta name=\"robots\" content=\"index, follow, max-snippet:-1, max-image-preview:large, max-video-preview:-1\" \/>\n<link rel=\"canonical\" href=\"https:\/\/regardsdechiens.fr\/?page_id=273\" \/>\n<meta property=\"og:locale\" content=\"fr_FR\" \/>\n<meta property=\"og:type\" content=\"article\" \/>\n<meta property=\"og:title\" content=\"Adh\u00e9sion - Association Regards de Chiens\" \/>\n<meta property=\"og:description\" content=\"Nous vous proposons de participer \u00e0 une s\u00e9ance pour vous permettre de d\u00e9couvrir le club. Contactez nous pr\u00e9alablement pour convenir d&rsquo;un rendez-vous (rendez-vous sur la page contact). Documents \u00e0 fournir lors de l&rsquo;inscription &gt; Photocopie de la carte d&rsquo;identification (tatouage &hellip; Continuer la lecture &rarr;\" \/>\n<meta property=\"og:url\" content=\"https:\/\/regardsdechiens.fr\/?page_id=273\" \/>\n<meta property=\"og:site_name\" content=\"Association Regards de Chiens\" \/>\n<meta property=\"article:modified_time\" content=\"2024-09-08T21:38:57+00:00\" \/>\n<meta name=\"twitter:card\" content=\"summary_large_image\" \/>\n<meta name=\"twitter:label1\" content=\"Dur\u00e9e de lecture estim\u00e9e\" \/>\n\t<meta name=\"twitter:data1\" content=\"1 minute\" \/>\n<script type=\"application\/ld+json\" class=\"yoast-schema-graph\">{\"@context\":\"https:\/\/schema.org\",\"@graph\":[{\"@type\":\"WebPage\",\"@id\":\"https:\/\/regardsdechiens.fr\/?page_id=273\",\"url\":\"https:\/\/regardsdechiens.fr\/?page_id=273\",\"name\":\"Adh\u00e9sion - Association Regards de Chiens\",\"isPartOf\":{\"@id\":\"https:\/\/regardsdechiens.fr\/#website\"},\"datePublished\":\"2015-06-13T16:08:13+00:00\",\"dateModified\":\"2024-09-08T21:38:57+00:00\",\"breadcrumb\":{\"@id\":\"https:\/\/regardsdechiens.fr\/?page_id=273#breadcrumb\"},\"inLanguage\":\"fr-FR\",\"potentialAction\":[{\"@type\":\"ReadAction\",\"target\":[\"https:\/\/regardsdechiens.fr\/?page_id=273\"]}]},{\"@type\":\"BreadcrumbList\",\"@id\":\"https:\/\/regardsdechiens.fr\/?page_id=273#breadcrumb\",\"itemListElement\":[{\"@type\":\"ListItem\",\"position\":1,\"name\":\"Accueil\",\"item\":\"https:\/\/regardsdechiens.fr\/\"},{\"@type\":\"ListItem\",\"position\":2,\"name\":\"Adh\u00e9sion\"}]},{\"@type\":\"WebSite\",\"@id\":\"https:\/\/regardsdechiens.fr\/#website\",\"url\":\"https:\/\/regardsdechiens.fr\/\",\"name\":\"Association Regards de Chiens\",\"description\":\"\",\"potentialAction\":[{\"@type\":\"SearchAction\",\"target\":{\"@type\":\"EntryPoint\",\"urlTemplate\":\"https:\/\/regardsdechiens.fr\/?s={search_term_string}\"},\"query-input\":{\"@type\":\"PropertyValueSpecification\",\"valueRequired\":true,\"valueName\":\"search_term_string\"}}],\"inLanguage\":\"fr-FR\"}]}<\/script>\n<!-- \/ Yoast SEO plugin. -->","yoast_head_json":{"title":"Adh\u00e9sion - Association Regards de Chiens","robots":{"index":"index","follow":"follow","max-snippet":"max-snippet:-1","max-image-preview":"max-image-preview:large","max-video-preview":"max-video-preview:-1"},"canonical":"https:\/\/regardsdechiens.fr\/?page_id=273","og_locale":"fr_FR","og_type":"article","og_title":"Adh\u00e9sion - Association Regards de Chiens","og_description":"Nous vous proposons de participer \u00e0 une s\u00e9ance pour vous permettre de d\u00e9couvrir le club. Contactez nous pr\u00e9alablement pour convenir d&rsquo;un rendez-vous (rendez-vous sur la page contact). Documents \u00e0 fournir lors de l&rsquo;inscription &gt; Photocopie de la carte d&rsquo;identification (tatouage &hellip; Continuer la lecture &rarr;","og_url":"https:\/\/regardsdechiens.fr\/?page_id=273","og_site_name":"Association Regards de Chiens","article_modified_time":"2024-09-08T21:38:57+00:00","twitter_card":"summary_large_image","twitter_misc":{"Dur\u00e9e de lecture estim\u00e9e":"1 minute"},"schema":{"@context":"https:\/\/schema.org","@graph":[{"@type":"WebPage","@id":"https:\/\/regardsdechiens.fr\/?page_id=273","url":"https:\/\/regardsdechiens.fr\/?page_id=273","name":"Adh\u00e9sion - Association Regards de Chiens","isPartOf":{"@id":"https:\/\/regardsdechiens.fr\/#website"},"datePublished":"2015-06-13T16:08:13+00:00","dateModified":"2024-09-08T21:38:57+00:00","breadcrumb":{"@id":"https:\/\/regardsdechiens.fr\/?page_id=273#breadcrumb"},"inLanguage":"fr-FR","potentialAction":[{"@type":"ReadAction","target":["https:\/\/regardsdechiens.fr\/?page_id=273"]}]},{"@type":"BreadcrumbList","@id":"https:\/\/regardsdechiens.fr\/?page_id=273#breadcrumb","itemListElement":[{"@type":"ListItem","position":1,"name":"Accueil","item":"https:\/\/regardsdechiens.fr\/"},{"@type":"ListItem","position":2,"name":"Adh\u00e9sion"}]},{"@type":"WebSite","@id":"https:\/\/regardsdechiens.fr\/#website","url":"https:\/\/regardsdechiens.fr\/","name":"Association Regards de Chiens","description":"","potentialAction":[{"@type":"SearchAction","target":{"@type":"EntryPoint","urlTemplate":"https:\/\/regardsdechiens.fr\/?s={search_term_string}"},"query-input":{"@type":"PropertyValueSpecification","valueRequired":true,"valueName":"search_term_string"}}],"inLanguage":"fr-FR"}]}},"_links":{"self":[{"href":"https:\/\/regardsdechiens.fr\/index.php?rest_route=\/wp\/v2\/pages\/273","targetHints":{"allow":["GET"]}}],"collection":[{"href":"https:\/\/regardsdechiens.fr\/index.php?rest_route=\/wp\/v2\/pages"}],"about":[{"href":"https:\/\/regardsdechiens.fr\/index.php?rest_route=\/wp\/v2\/types\/page"}],"author":[{"embeddable":true,"href":"https:\/\/regardsdechiens.fr\/index.php?rest_route=\/wp\/v2\/users\/15"}],"replies":[{"embeddable":true,"href":"https:\/\/regardsdechiens.fr\/index.php?rest_route=%2Fwp%2Fv2%2Fcomments&post=273"}],"version-history":[{"count":23,"href":"https:\/\/regardsdechiens.fr\/index.php?rest_route=\/wp\/v2\/pages\/273\/revisions"}],"predecessor-version":[{"id":1783,"href":"https:\/\/regardsdechiens.fr\/index.php?rest_route=\/wp\/v2\/pages\/273\/revisions\/1783"}],"wp:attachment":[{"href":"https:\/\/regardsdechiens.fr\/index.php?rest_route=%2Fwp%2Fv2%2Fmedia&parent=273"}],"curies":[{"name":"wp","href":"https:\/\/api.w.org\/{rel}","templated":true}]}}