{"id":270,"date":"2015-06-13T17:07:48","date_gmt":"2015-06-13T16:07:48","guid":{"rendered":"http:\/\/localhost\/wordpress\/?page_id=270"},"modified":"2024-09-08T22:45:55","modified_gmt":"2024-09-08T21:45:55","slug":"reglement-interieur","status":"publish","type":"page","link":"https:\/\/regardsdechiens.fr\/?page_id=270","title":{"rendered":"R\u00e8glement int\u00e9rieur"},"content":{"rendered":"<p>L&rsquo;adh\u00e9sion annuelle au club permet aux adh\u00e9rents de participer aux le\u00e7ons collectives\u00a0le dimanche.\u00a0 Nous remercions les adh\u00e9rents de ne se pr\u00e9senter que 15mn avant les horaires (<a href=\"?page_id=363\">cliquez ici pour consulter les horaires<\/a>).<\/p>\n<p>L\u2019acc\u00e8s au terrain est strictement interdit en dehors des heures d\u2019ouverture et de la pr\u00e9sence d\u2019un membre du Comit\u00e9.<\/p>\n<p>Le club pourra \u00eatre ferm\u00e9 plusieurs weekends dans l\u2019ann\u00e9e, notamment pour participations ou organisations de concours. Les adh\u00e9rents seront pr\u00e9venus par voie d\u2019affichage 15 jours \u00e0 l\u2019avance.<\/p>\n<p>Les entra\u00eenements destin\u00e9s \u00e0 la comp\u00e9tition : Ob\u00e9issance et Agility sont soumis \u00e0 des conditions particuli\u00e8res. Ils ne font pas partie des services que le club s\u2019engage \u00e0 fournir syst\u00e9matiquement aux adh\u00e9rents. Les inscriptions se feront \u00e0 l\u2019avance (places limit\u00e9es) par les \u00e9ducateurs en accord avec les ma\u00eetres. Un roulement sera effectu\u00e9 sous le contr\u00f4le des responsables.<\/p>\n<p>Seuls les membres \u00e0 jour de leur cotisation dont le chien est identifi\u00e9 aupr\u00e8s de la Soci\u00e9t\u00e9 Centrale Canine et inscrit au Club, muni d\u2019un carnet de vaccinations \u00e0 jour et pris en charge par leur assurance responsabilit\u00e9 civile, seront admis sur les terrains. Pour les chiens cat\u00e9goris\u00e9s, l\u2019attestation d\u2019assurance \u00ab\u00a0chien dangereux\u00a0\u00bb ou \u00ab\u00a0chien cat\u00e9goris\u00e9\u00a0\u00bb ainsi que la d\u00e9claration en mairie et le permis de d\u00e9tention sont obligatoires.<\/p>\n<p>Les adh\u00e9rents devront se conformer aux instructions donn\u00e9es par les responsables et aux r\u00e8gles r\u00e9gissant le fonctionnement du club. Les \u00e9ducateurs pourront exiger le port de la museli\u00e8re \u00e0 un chien m\u00eame non cat\u00e9goris\u00e9 mais pr\u00e9sentant une certaine agressivit\u00e9 envers ses cong\u00e9n\u00e8res ou les personnes pr\u00e9sentes dans l\u2019enceinte du club.<\/p>\n<p>Les chiens devront r\u00e9int\u00e9grer les v\u00e9hicules \u00e0 la fin des cours, avant la collation et le \u00ab\u00a0d\u00e9briefing\u00a0\u00bb des \u00e9ducateurs et des ma\u00eetres.<\/p>\n<p>Les adh\u00e9rents devront se garer \u00e0 l\u2019emplacement pr\u00e9vu \u00e0 cet effet.<\/p>\n<p>Les cours d\u2019ob\u00e9issance seront mis en place en fonction de la disponibilit\u00e9 des \u00e9ducateurs. Le non-respect des horaires perturbant l&rsquo;organisation et l&rsquo;entra\u00eenement des autres membres, les retardataires ne seront admis sur le terrain qu&rsquo;apr\u00e8s acceptation du responsable pr\u00e9sent.<\/p>\n<p>Les chiennes en chaleur ne pourront p\u00e9n\u00e9trer dans l&rsquo;enceinte du club qu\u2019avec l\u2019autorisation d\u2019un \u00e9ducateur.<\/p>\n<p>Avant d\u2019entrer sur le terrain, les chiens seront promen\u00e9s \u00e0 l\u2019ext\u00e9rieur pour faire leurs \u00ab\u00a0besoins\u00a0\u00bb; si le chien se vide \u00e0 l&rsquo;int\u00e9rieur du Club, le ma\u00eetre doit assurer le nettoyage imm\u00e9diatement.<\/p>\n<p>Des poubelles sont mises \u00e0 disposition pour y d\u00e9poser papiers ou autres d\u00e9tritus.<\/p>\n<p>L\u2019acc\u00e8s des chiens est interdit \u00e0 l\u2019int\u00e9rieur du local du Club.<\/p>\n<p>Les chiens ne doivent pas rester attach\u00e9s aux poteaux ou aux grillages cernant les diff\u00e9rentes parties du Club.<\/p>\n<p>Chaque conducteur doit se pr\u00e9senter avec l\u2019\u00e9quipement n\u00e9cessaire \u00e0 l\u2019entra\u00eenement de son chien. Le mat\u00e9riel du Club mis \u00e0 disposition des adh\u00e9rents est sous la responsabilit\u00e9 de chacun. A ce titre il doit \u00eatre respect\u00e9, rang\u00e9 et entretenu. En cas de d\u00e9g\u00e2t accidentel, pr\u00e9venir le responsable pr\u00e9sent pour qu&rsquo;il prenne les mesures n\u00e9cessaires afin d&rsquo;\u00e9viter un accident \u00e9ventuel ou une d\u00e9t\u00e9rioration plus importante.<\/p>\n<p>Aucun chien ne pourra rester sur le terrain d&rsquo;entra\u00eenement hors du contr\u00f4le de son ma\u00eetre.<\/p>\n<p>Interdiction de fumer sur les terrains lors des entra\u00eenements collectifs.<\/p>\n<p>IMPORTANT: Le manquement \u00e0 ces r\u00e8gles peut entra\u00eener l\u2019exclusion d\u2019un ou plusieurs entra\u00eenements et en cas de r\u00e9cidive, la radiation du Soci\u00e9taire prononc\u00e9e par le Comit\u00e9.<\/p>\n<p>D\u2019autre part, en ce qui concerne les fumeurs, nous leur demandons de ne pas jeter leurs m\u00e9gots usag\u00e9s au sol, non seulement, \u00e7a fait n\u00e9glig\u00e9 et irrespectueux pour ceux qui entretiennent les terrains, mais n\u2019oubliez pas qu\u2019un chien, peut-\u00eatre m\u00eame le votre, pourrait l\u2019ing\u00e9rer, ce qui n\u2019est pas bon pour lui. Merci de votre compr\u00e9hension.<\/p>\n","protected":false},"excerpt":{"rendered":"<p>L&rsquo;adh\u00e9sion annuelle au club permet aux adh\u00e9rents de participer aux le\u00e7ons collectives\u00a0le dimanche.\u00a0 Nous remercions les adh\u00e9rents de ne se pr\u00e9senter que 15mn avant les horaires (cliquez ici pour consulter les horaires). L\u2019acc\u00e8s au terrain est strictement interdit en dehors &hellip; <a href=\"https:\/\/regardsdechiens.fr\/?page_id=270\">Continuer la lecture <span class=\"meta-nav\">&rarr;<\/span><\/a><\/p>\n","protected":false},"author":15,"featured_media":0,"parent":0,"menu_order":3,"comment_status":"open","ping_status":"open","template":"","meta":{"footnotes":""},"class_list":["post-270","page","type-page","status-publish","hentry"],"yoast_head":"<!-- This site is optimized with the Yoast SEO plugin v24.0 - https:\/\/yoast.com\/wordpress\/plugins\/seo\/ -->\n<title>R\u00e8glement int\u00e9rieur - Association Regards de Chiens<\/title>\n<meta name=\"robots\" content=\"index, follow, max-snippet:-1, max-image-preview:large, max-video-preview:-1\" \/>\n<link rel=\"canonical\" href=\"https:\/\/regardsdechiens.fr\/?page_id=270\" \/>\n<meta property=\"og:locale\" content=\"fr_FR\" \/>\n<meta property=\"og:type\" content=\"article\" \/>\n<meta property=\"og:title\" content=\"R\u00e8glement int\u00e9rieur - Association Regards de Chiens\" \/>\n<meta property=\"og:description\" content=\"L&rsquo;adh\u00e9sion annuelle au club permet aux adh\u00e9rents de participer aux le\u00e7ons collectives\u00a0le dimanche.\u00a0 Nous remercions les adh\u00e9rents de ne se pr\u00e9senter que 15mn avant les horaires (cliquez ici pour consulter les horaires). L\u2019acc\u00e8s au terrain est strictement interdit en dehors &hellip; Continuer la lecture &rarr;\" \/>\n<meta property=\"og:url\" content=\"https:\/\/regardsdechiens.fr\/?page_id=270\" \/>\n<meta property=\"og:site_name\" content=\"Association Regards de Chiens\" \/>\n<meta property=\"article:modified_time\" content=\"2024-09-08T21:45:55+00:00\" \/>\n<meta name=\"twitter:card\" content=\"summary_large_image\" \/>\n<meta name=\"twitter:label1\" content=\"Dur\u00e9e de lecture estim\u00e9e\" \/>\n\t<meta name=\"twitter:data1\" content=\"3 minutes\" \/>\n<script type=\"application\/ld+json\" class=\"yoast-schema-graph\">{\"@context\":\"https:\/\/schema.org\",\"@graph\":[{\"@type\":\"WebPage\",\"@id\":\"https:\/\/regardsdechiens.fr\/?page_id=270\",\"url\":\"https:\/\/regardsdechiens.fr\/?page_id=270\",\"name\":\"R\u00e8glement int\u00e9rieur - Association Regards de Chiens\",\"isPartOf\":{\"@id\":\"https:\/\/regardsdechiens.fr\/#website\"},\"datePublished\":\"2015-06-13T16:07:48+00:00\",\"dateModified\":\"2024-09-08T21:45:55+00:00\",\"breadcrumb\":{\"@id\":\"https:\/\/regardsdechiens.fr\/?page_id=270#breadcrumb\"},\"inLanguage\":\"fr-FR\",\"potentialAction\":[{\"@type\":\"ReadAction\",\"target\":[\"https:\/\/regardsdechiens.fr\/?page_id=270\"]}]},{\"@type\":\"BreadcrumbList\",\"@id\":\"https:\/\/regardsdechiens.fr\/?page_id=270#breadcrumb\",\"itemListElement\":[{\"@type\":\"ListItem\",\"position\":1,\"name\":\"Accueil\",\"item\":\"https:\/\/regardsdechiens.fr\/\"},{\"@type\":\"ListItem\",\"position\":2,\"name\":\"R\u00e8glement int\u00e9rieur\"}]},{\"@type\":\"WebSite\",\"@id\":\"https:\/\/regardsdechiens.fr\/#website\",\"url\":\"https:\/\/regardsdechiens.fr\/\",\"name\":\"Association Regards de Chiens\",\"description\":\"\",\"potentialAction\":[{\"@type\":\"SearchAction\",\"target\":{\"@type\":\"EntryPoint\",\"urlTemplate\":\"https:\/\/regardsdechiens.fr\/?s={search_term_string}\"},\"query-input\":{\"@type\":\"PropertyValueSpecification\",\"valueRequired\":true,\"valueName\":\"search_term_string\"}}],\"inLanguage\":\"fr-FR\"}]}<\/script>\n<!-- \/ Yoast SEO plugin. -->","yoast_head_json":{"title":"R\u00e8glement int\u00e9rieur - Association Regards de Chiens","robots":{"index":"index","follow":"follow","max-snippet":"max-snippet:-1","max-image-preview":"max-image-preview:large","max-video-preview":"max-video-preview:-1"},"canonical":"https:\/\/regardsdechiens.fr\/?page_id=270","og_locale":"fr_FR","og_type":"article","og_title":"R\u00e8glement int\u00e9rieur - Association Regards de Chiens","og_description":"L&rsquo;adh\u00e9sion annuelle au club permet aux adh\u00e9rents de participer aux le\u00e7ons collectives\u00a0le dimanche.\u00a0 Nous remercions les adh\u00e9rents de ne se pr\u00e9senter que 15mn avant les horaires (cliquez ici pour consulter les horaires). L\u2019acc\u00e8s au terrain est strictement interdit en dehors &hellip; Continuer la lecture &rarr;","og_url":"https:\/\/regardsdechiens.fr\/?page_id=270","og_site_name":"Association Regards de Chiens","article_modified_time":"2024-09-08T21:45:55+00:00","twitter_card":"summary_large_image","twitter_misc":{"Dur\u00e9e de lecture estim\u00e9e":"3 minutes"},"schema":{"@context":"https:\/\/schema.org","@graph":[{"@type":"WebPage","@id":"https:\/\/regardsdechiens.fr\/?page_id=270","url":"https:\/\/regardsdechiens.fr\/?page_id=270","name":"R\u00e8glement int\u00e9rieur - Association Regards de Chiens","isPartOf":{"@id":"https:\/\/regardsdechiens.fr\/#website"},"datePublished":"2015-06-13T16:07:48+00:00","dateModified":"2024-09-08T21:45:55+00:00","breadcrumb":{"@id":"https:\/\/regardsdechiens.fr\/?page_id=270#breadcrumb"},"inLanguage":"fr-FR","potentialAction":[{"@type":"ReadAction","target":["https:\/\/regardsdechiens.fr\/?page_id=270"]}]},{"@type":"BreadcrumbList","@id":"https:\/\/regardsdechiens.fr\/?page_id=270#breadcrumb","itemListElement":[{"@type":"ListItem","position":1,"name":"Accueil","item":"https:\/\/regardsdechiens.fr\/"},{"@type":"ListItem","position":2,"name":"R\u00e8glement int\u00e9rieur"}]},{"@type":"WebSite","@id":"https:\/\/regardsdechiens.fr\/#website","url":"https:\/\/regardsdechiens.fr\/","name":"Association Regards de Chiens","description":"","potentialAction":[{"@type":"SearchAction","target":{"@type":"EntryPoint","urlTemplate":"https:\/\/regardsdechiens.fr\/?s={search_term_string}"},"query-input":{"@type":"PropertyValueSpecification","valueRequired":true,"valueName":"search_term_string"}}],"inLanguage":"fr-FR"}]}},"_links":{"self":[{"href":"https:\/\/regardsdechiens.fr\/index.php?rest_route=\/wp\/v2\/pages\/270","targetHints":{"allow":["GET"]}}],"collection":[{"href":"https:\/\/regardsdechiens.fr\/index.php?rest_route=\/wp\/v2\/pages"}],"about":[{"href":"https:\/\/regardsdechiens.fr\/index.php?rest_route=\/wp\/v2\/types\/page"}],"author":[{"embeddable":true,"href":"https:\/\/regardsdechiens.fr\/index.php?rest_route=\/wp\/v2\/users\/15"}],"replies":[{"embeddable":true,"href":"https:\/\/regardsdechiens.fr\/index.php?rest_route=%2Fwp%2Fv2%2Fcomments&post=270"}],"version-history":[{"count":13,"href":"https:\/\/regardsdechiens.fr\/index.php?rest_route=\/wp\/v2\/pages\/270\/revisions"}],"predecessor-version":[{"id":1787,"href":"https:\/\/regardsdechiens.fr\/index.php?rest_route=\/wp\/v2\/pages\/270\/revisions\/1787"}],"wp:attachment":[{"href":"https:\/\/regardsdechiens.fr\/index.php?rest_route=%2Fwp%2Fv2%2Fmedia&parent=270"}],"curies":[{"name":"wp","href":"https:\/\/api.w.org\/{rel}","templated":true}]}}