{"id":266,"date":"2015-06-13T17:07:13","date_gmt":"2015-06-13T16:07:13","guid":{"rendered":"http:\/\/localhost\/wordpress\/?page_id=266"},"modified":"2015-07-11T19:17:49","modified_gmt":"2015-07-11T18:17:49","slug":"historique","status":"publish","type":"page","link":"https:\/\/regardsdechiens.fr\/?page_id=266","title":{"rendered":"Historique"},"content":{"rendered":"<p>L&rsquo;Association \u00ab\u00a0Regards de Chiens\u00a0\u00bb a \u00e9t\u00e9 cr\u00e9\u00e9e en 2006 par un groupe de passionn\u00e9s de chiens. Son but \u00e9tait de nouer des liens entre les jeunes en difficult\u00e9s, les personnes \u00e2g\u00e9es et les chiens.<\/p>\n<table border=\"solid 4px red\" cellspacing=\"0\">\n<tbody>\n<tr>\n<td valign=\"top\" width=\"80px\"><a href=\"http:\/\/www.scbretonne.com\/\" target=\"_blank\"><img loading=\"lazy\" decoding=\"async\" src=\"wp-content\/uploads\/2015\/06\/logoscb.png\" width=\"69\" height=\"65\" title=\"Cliquez pour acc\u00e9der au site de la SCB\"><\/a><\/td>\n<td valign=\"top\">Depuis 2008, une nouvelle \u00e9quipe dirige le Club. Notre Association a chang\u00e9 de statuts puisque nous sommes d\u00e9sormais affili\u00e9s \u00e0 la Soci\u00e9t\u00e9 Canine Bretonne, organisme officiel du monde cynophile.<\/td>\n<\/tr>\n<\/tbody>\n<\/table>\n<p>En changeant de statuts, nous avons \u00e9galement chang\u00e9 de lieu de rassemblement et d&rsquo;objectif. <a href=\"?page_id=337\">D\u00e9sormais install\u00e9e au lieu-dit Iliz Coz<\/a>, \u00e0 Plouguerneau, \u00ab\u00a0Regards de Chiens\u00a0\u00bb a pour but l&rsquo;\u00e9ducation de nos amis \u00e0 4 pattes. Qu&rsquo;ils soient chiots, jeunes adultes ou adultes, nous proposons des s\u00e9ances adapt\u00e9es \u00e0 chacun.<\/p>\n<p><center><img loading=\"lazy\" decoding=\"async\" src=\"wp-content\/uploads\/2015\/06\/12784545.jpg\" width=\"489\" height=\"255\" style=\"-moz-border-radius:15px; -webkit-border-radius:15px; border-radius:15px; box-shadow: 2px 2px 2px 0 black; -moz-box-shadow: 2px 2px 2px 0 black; -webkit-box-shadow: 2px 2px 2px 0 black;\"><\/center><\/p>\n<p>Notre Club enseigne la m\u00e9thode douce et naturelle, de ce fait, nous conseillons de commencer l&rsquo;\u00e9ducation d\u00e8s l&rsquo;\u00e2ge de 2 mois. Cette m\u00e9thode naturelle a pour but d&rsquo;\u00e9duquer le chien par la douceur, le jeu et la r\u00e9compense.<\/p>\n<p>Pour bien vivre avec son chien, le ma\u00eetre doit \u00e9tablir une v\u00e9ritable complicit\u00e9 avec lui en le respectant et en comprenant son fonctionnement. Ainsi, vous obtiendrez un chien heureux qui vivra en harmonie avec sa famille.<\/p>\n","protected":false},"excerpt":{"rendered":"<p>L&rsquo;Association \u00ab\u00a0Regards de Chiens\u00a0\u00bb a \u00e9t\u00e9 cr\u00e9\u00e9e en 2006 par un groupe de passionn\u00e9s de chiens. Son but \u00e9tait de nouer des liens entre les jeunes en difficult\u00e9s, les personnes \u00e2g\u00e9es et les chiens. Depuis 2008, une nouvelle \u00e9quipe dirige &hellip; <a href=\"https:\/\/regardsdechiens.fr\/?page_id=266\">Continuer la lecture <span class=\"meta-nav\">&rarr;<\/span><\/a><\/p>\n","protected":false},"author":15,"featured_media":0,"parent":0,"menu_order":1,"comment_status":"open","ping_status":"open","template":"","meta":{"footnotes":""},"class_list":["post-266","page","type-page","status-publish","hentry"],"yoast_head":"<!-- This site is optimized with the Yoast SEO plugin v24.0 - https:\/\/yoast.com\/wordpress\/plugins\/seo\/ -->\n<title>Historique - Association Regards de Chiens<\/title>\n<meta name=\"robots\" content=\"index, follow, max-snippet:-1, max-image-preview:large, max-video-preview:-1\" \/>\n<link rel=\"canonical\" href=\"https:\/\/regardsdechiens.fr\/?page_id=266\" \/>\n<meta property=\"og:locale\" content=\"fr_FR\" \/>\n<meta property=\"og:type\" content=\"article\" \/>\n<meta property=\"og:title\" content=\"Historique - Association Regards de Chiens\" \/>\n<meta property=\"og:description\" content=\"L&rsquo;Association \u00ab\u00a0Regards de Chiens\u00a0\u00bb a \u00e9t\u00e9 cr\u00e9\u00e9e en 2006 par un groupe de passionn\u00e9s de chiens. Son but \u00e9tait de nouer des liens entre les jeunes en difficult\u00e9s, les personnes \u00e2g\u00e9es et les chiens. Depuis 2008, une nouvelle \u00e9quipe dirige &hellip; Continuer la lecture &rarr;\" \/>\n<meta property=\"og:url\" content=\"https:\/\/regardsdechiens.fr\/?page_id=266\" \/>\n<meta property=\"og:site_name\" content=\"Association Regards de Chiens\" \/>\n<meta property=\"article:modified_time\" content=\"2015-07-11T18:17:49+00:00\" \/>\n<meta name=\"twitter:card\" content=\"summary_large_image\" \/>\n<meta name=\"twitter:label1\" content=\"Dur\u00e9e de lecture estim\u00e9e\" \/>\n\t<meta name=\"twitter:data1\" content=\"1 minute\" \/>\n<script type=\"application\/ld+json\" class=\"yoast-schema-graph\">{\"@context\":\"https:\/\/schema.org\",\"@graph\":[{\"@type\":\"WebPage\",\"@id\":\"https:\/\/regardsdechiens.fr\/?page_id=266\",\"url\":\"https:\/\/regardsdechiens.fr\/?page_id=266\",\"name\":\"Historique - Association Regards de Chiens\",\"isPartOf\":{\"@id\":\"https:\/\/regardsdechiens.fr\/#website\"},\"datePublished\":\"2015-06-13T16:07:13+00:00\",\"dateModified\":\"2015-07-11T18:17:49+00:00\",\"breadcrumb\":{\"@id\":\"https:\/\/regardsdechiens.fr\/?page_id=266#breadcrumb\"},\"inLanguage\":\"fr-FR\",\"potentialAction\":[{\"@type\":\"ReadAction\",\"target\":[\"https:\/\/regardsdechiens.fr\/?page_id=266\"]}]},{\"@type\":\"BreadcrumbList\",\"@id\":\"https:\/\/regardsdechiens.fr\/?page_id=266#breadcrumb\",\"itemListElement\":[{\"@type\":\"ListItem\",\"position\":1,\"name\":\"Accueil\",\"item\":\"https:\/\/regardsdechiens.fr\/\"},{\"@type\":\"ListItem\",\"position\":2,\"name\":\"Historique\"}]},{\"@type\":\"WebSite\",\"@id\":\"https:\/\/regardsdechiens.fr\/#website\",\"url\":\"https:\/\/regardsdechiens.fr\/\",\"name\":\"Association Regards de Chiens\",\"description\":\"\",\"potentialAction\":[{\"@type\":\"SearchAction\",\"target\":{\"@type\":\"EntryPoint\",\"urlTemplate\":\"https:\/\/regardsdechiens.fr\/?s={search_term_string}\"},\"query-input\":{\"@type\":\"PropertyValueSpecification\",\"valueRequired\":true,\"valueName\":\"search_term_string\"}}],\"inLanguage\":\"fr-FR\"}]}<\/script>\n<!-- \/ Yoast SEO plugin. -->","yoast_head_json":{"title":"Historique - Association Regards de Chiens","robots":{"index":"index","follow":"follow","max-snippet":"max-snippet:-1","max-image-preview":"max-image-preview:large","max-video-preview":"max-video-preview:-1"},"canonical":"https:\/\/regardsdechiens.fr\/?page_id=266","og_locale":"fr_FR","og_type":"article","og_title":"Historique - Association Regards de Chiens","og_description":"L&rsquo;Association \u00ab\u00a0Regards de Chiens\u00a0\u00bb a \u00e9t\u00e9 cr\u00e9\u00e9e en 2006 par un groupe de passionn\u00e9s de chiens. Son but \u00e9tait de nouer des liens entre les jeunes en difficult\u00e9s, les personnes \u00e2g\u00e9es et les chiens. Depuis 2008, une nouvelle \u00e9quipe dirige &hellip; Continuer la lecture &rarr;","og_url":"https:\/\/regardsdechiens.fr\/?page_id=266","og_site_name":"Association Regards de Chiens","article_modified_time":"2015-07-11T18:17:49+00:00","twitter_card":"summary_large_image","twitter_misc":{"Dur\u00e9e de lecture estim\u00e9e":"1 minute"},"schema":{"@context":"https:\/\/schema.org","@graph":[{"@type":"WebPage","@id":"https:\/\/regardsdechiens.fr\/?page_id=266","url":"https:\/\/regardsdechiens.fr\/?page_id=266","name":"Historique - Association Regards de Chiens","isPartOf":{"@id":"https:\/\/regardsdechiens.fr\/#website"},"datePublished":"2015-06-13T16:07:13+00:00","dateModified":"2015-07-11T18:17:49+00:00","breadcrumb":{"@id":"https:\/\/regardsdechiens.fr\/?page_id=266#breadcrumb"},"inLanguage":"fr-FR","potentialAction":[{"@type":"ReadAction","target":["https:\/\/regardsdechiens.fr\/?page_id=266"]}]},{"@type":"BreadcrumbList","@id":"https:\/\/regardsdechiens.fr\/?page_id=266#breadcrumb","itemListElement":[{"@type":"ListItem","position":1,"name":"Accueil","item":"https:\/\/regardsdechiens.fr\/"},{"@type":"ListItem","position":2,"name":"Historique"}]},{"@type":"WebSite","@id":"https:\/\/regardsdechiens.fr\/#website","url":"https:\/\/regardsdechiens.fr\/","name":"Association Regards de Chiens","description":"","potentialAction":[{"@type":"SearchAction","target":{"@type":"EntryPoint","urlTemplate":"https:\/\/regardsdechiens.fr\/?s={search_term_string}"},"query-input":{"@type":"PropertyValueSpecification","valueRequired":true,"valueName":"search_term_string"}}],"inLanguage":"fr-FR"}]}},"_links":{"self":[{"href":"https:\/\/regardsdechiens.fr\/index.php?rest_route=\/wp\/v2\/pages\/266","targetHints":{"allow":["GET"]}}],"collection":[{"href":"https:\/\/regardsdechiens.fr\/index.php?rest_route=\/wp\/v2\/pages"}],"about":[{"href":"https:\/\/regardsdechiens.fr\/index.php?rest_route=\/wp\/v2\/types\/page"}],"author":[{"embeddable":true,"href":"https:\/\/regardsdechiens.fr\/index.php?rest_route=\/wp\/v2\/users\/15"}],"replies":[{"embeddable":true,"href":"https:\/\/regardsdechiens.fr\/index.php?rest_route=%2Fwp%2Fv2%2Fcomments&post=266"}],"version-history":[{"count":32,"href":"https:\/\/regardsdechiens.fr\/index.php?rest_route=\/wp\/v2\/pages\/266\/revisions"}],"predecessor-version":[{"id":344,"href":"https:\/\/regardsdechiens.fr\/index.php?rest_route=\/wp\/v2\/pages\/266\/revisions\/344"}],"wp:attachment":[{"href":"https:\/\/regardsdechiens.fr\/index.php?rest_route=%2Fwp%2Fv2%2Fmedia&parent=266"}],"curies":[{"name":"wp","href":"https:\/\/api.w.org\/{rel}","templated":true}]}}